{"id":122,"date":"2023-04-25T20:23:47","date_gmt":"2023-04-25T18:23:47","guid":{"rendered":"https:\/\/belmotor.es\/?page_id=122"},"modified":"2023-04-25T20:23:48","modified_gmt":"2023-04-25T18:23:48","slug":"importacion-a-la-carta","status":"publish","type":"page","link":"https:\/\/belmotor.es\/?page_id=122","title":{"rendered":"IMPORTACI\u00d3N A LA CARTA"},"content":{"rendered":"<div id='full_slider_1'  class='avia-fullwidth-slider main_color avia-shadow   avia-builder-el-0  el_before_av_section  avia-builder-el-first   container_wrap fullsize'  ><div  class='avia-slideshow av-av_slideshow_full-8ce03a4269be3a710af2d4090784c229 avia-slideshow-featured av_slideshow_full avia-slide-slider av-slideshow-ui av-control-default av-slideshow-manual av-loop-once av-loop-manual-endless av-default-height-applied   avia-slideshow-1' data-slideshow-options=\"{&quot;animation&quot;:&quot;slide&quot;,&quot;autoplay&quot;:false,&quot;loop_autoplay&quot;:&quot;once&quot;,&quot;interval&quot;:5,&quot;loop_manual&quot;:&quot;manual-endless&quot;,&quot;autoplay_stopper&quot;:false,&quot;noNavigation&quot;:false,&quot;bg_slider&quot;:false,&quot;keep_padding&quot;:false,&quot;hoverpause&quot;:false,&quot;show_slide_delay&quot;:0}\"  itemprop=\"image\" itemscope=\"itemscope\" itemtype=\"https:\/\/schema.org\/ImageObject\" ><ul class='avia-slideshow-inner ' style='padding-bottom: 28.666666666667%;'><li  class='avia-slideshow-slide av-av_slideshow_full-8ce03a4269be3a710af2d4090784c229__0  av-single-slide slide-1 slide-odd'><div data-rel='slideshow-1' class='avia-slide-wrap '   ><img decoding=\"async\" fetchpriority=\"high\" class=\"wp-image-15 avia-img-lazy-loading-not-15\"  src=\"https:\/\/belmotor.es\/wp-content\/uploads\/2023\/03\/IMG_6740-Pano-1500x430.jpg\" width=\"1500\" height=\"430\" title='IMG_6740-Pano' alt=''  itemprop=\"thumbnailUrl\"   \/><\/div><\/li><\/ul><\/div><\/div>\n<div id='av_section_1'  class='avia-section av-av_section-46ce1733c35ae24b9d75b0cc88a8631c main_color avia-section-default avia-no-border-styling  avia-builder-el-1  el_after_av_slideshow_full  el_before_av_section  avia-bg-style-scroll container_wrap fullsize'  ><div class='container av-section-cont-open' ><div class='template-page content  av-content-full alpha units'><div class='post-entry post-entry-type-page post-entry-122'><div class='entry-content-wrapper clearfix'>\n\n<style type=\"text\/css\" data-created_by=\"avia_inline_auto\" id=\"style-css-av-lgwlbm37-bfc31925a275599fa5e28caba297272e\">\n#top .av-special-heading.av-lgwlbm37-bfc31925a275599fa5e28caba297272e{\npadding-bottom:10px;\n}\nbody .av-special-heading.av-lgwlbm37-bfc31925a275599fa5e28caba297272e .av-special-heading-tag .heading-char{\nfont-size:25px;\n}\n.av-special-heading.av-lgwlbm37-bfc31925a275599fa5e28caba297272e .av-subheading{\nfont-size:15px;\n}\n<\/style>\n<div  class='av-special-heading av-lgwlbm37-bfc31925a275599fa5e28caba297272e av-special-heading-h1 blockquote modern-quote modern-centered  avia-builder-el-2  avia-builder-el-no-sibling '><h1 class='av-special-heading-tag '  itemprop=\"headline\"  >IMPORTACI\u00d3N A LA CARTA<\/h1><div class=\"special-heading-border\"><div class=\"special-heading-inner-border\"><\/div><\/div><\/div>\n<\/div><\/div><\/div><!-- close content main div --><\/div><\/div><div id='av_section_2'  class='avia-section av-av_section-46ce1733c35ae24b9d75b0cc88a8631c main_color avia-section-default avia-no-border-styling  avia-builder-el-3  el_after_av_section  el_before_av_section  avia-bg-style-scroll container_wrap fullsize'  ><div class='container av-section-cont-open' ><div class='template-page content  av-content-full alpha units'><div class='post-entry post-entry-type-page post-entry-122'><div class='entry-content-wrapper clearfix'>\n\n<style type=\"text\/css\" data-created_by=\"avia_inline_auto\" id=\"style-css-av-av_one_half-53b0b300fb3685750664fb085c5ad19d\">\n.flex_column.av-av_one_half-53b0b300fb3685750664fb085c5ad19d{\nborder-radius:0px 0px 0px 0px;\npadding:0px 0px 0px 0px;\n}\n<\/style>\n<div  class='flex_column av-av_one_half-53b0b300fb3685750664fb085c5ad19d av_one_half  avia-builder-el-4  el_before_av_one_half  avia-builder-el-first  first flex_column_div av-zero-column-padding  '     ><style type=\"text\/css\" data-created_by=\"avia_inline_auto\" id=\"style-css-av-lgwlbyp8-e7491915ee07867ab3ce16e1ea0b832f\">\n.avia-image-container.av-lgwlbyp8-e7491915ee07867ab3ce16e1ea0b832f img.avia_image{\nbox-shadow:none;\n}\n.avia-image-container.av-lgwlbyp8-e7491915ee07867ab3ce16e1ea0b832f .av-image-caption-overlay-center{\ncolor:#ffffff;\n}\n<\/style>\n<div  class='avia-image-container av-lgwlbyp8-e7491915ee07867ab3ce16e1ea0b832f av-styling- avia-align-center  avia-builder-el-5  avia-builder-el-no-sibling '   itemprop=\"image\" itemscope=\"itemscope\" itemtype=\"https:\/\/schema.org\/ImageObject\" ><div class=\"avia-image-container-inner\"><div class=\"avia-image-overlay-wrap\"><img decoding=\"async\" fetchpriority=\"high\" class='wp-image-98 avia-img-lazy-loading-not-98 avia_image ' src=\"https:\/\/belmotor.es\/wp-content\/uploads\/2023\/04\/IMG_6901-300x300.jpg\" alt='' title='IMG_6901'  height=\"300\" width=\"300\"  itemprop=\"thumbnailUrl\" srcset=\"https:\/\/belmotor.es\/wp-content\/uploads\/2023\/04\/IMG_6901-300x300.jpg 300w, https:\/\/belmotor.es\/wp-content\/uploads\/2023\/04\/IMG_6901-1030x1030.jpg 1030w, https:\/\/belmotor.es\/wp-content\/uploads\/2023\/04\/IMG_6901-80x80.jpg 80w, https:\/\/belmotor.es\/wp-content\/uploads\/2023\/04\/IMG_6901-768x768.jpg 768w, https:\/\/belmotor.es\/wp-content\/uploads\/2023\/04\/IMG_6901-1536x1536.jpg 1536w, https:\/\/belmotor.es\/wp-content\/uploads\/2023\/04\/IMG_6901-2048x2048.jpg 2048w, https:\/\/belmotor.es\/wp-content\/uploads\/2023\/04\/IMG_6901-36x36.jpg 36w, https:\/\/belmotor.es\/wp-content\/uploads\/2023\/04\/IMG_6901-180x180.jpg 180w, https:\/\/belmotor.es\/wp-content\/uploads\/2023\/04\/IMG_6901-1500x1500.jpg 1500w, https:\/\/belmotor.es\/wp-content\/uploads\/2023\/04\/IMG_6901-705x705.jpg 705w\" sizes=\"(max-width: 300px) 100vw, 300px\" \/><\/div><\/div><\/div><\/div>\n<style type=\"text\/css\" data-created_by=\"avia_inline_auto\" id=\"style-css-av-av_one_half-7984035d50f0055e2d8c0f71fa3ebd04\">\n.flex_column.av-av_one_half-7984035d50f0055e2d8c0f71fa3ebd04{\nborder-radius:0px 0px 0px 0px;\npadding:0px 0px 0px 0px;\n}\n<\/style>\n<div  class='flex_column av-av_one_half-7984035d50f0055e2d8c0f71fa3ebd04 av_one_half  avia-builder-el-6  el_after_av_one_half  avia-builder-el-last  flex_column_div av-zero-column-padding  '     ><section  class='av_textblock_section av-lgwlejaj-d206f3ad7b5ca58ce359ea10b318eb8c '   itemscope=\"itemscope\" itemtype=\"https:\/\/schema.org\/CreativeWork\" ><div class='avia_textblock'  itemprop=\"text\" ><h2 class=\"_aacl _aaco _aacu _aacx _aad6 _aade\" style=\"text-align: left;\">\u00bfQuieres un veh\u00edculo importado a la carta? preguntanos a nosotros por los modelos que te interesen y te haremos un presupuesto.<\/h2>\n<h3>Lo hacemos m\u00e1s r\u00e1pido, f\u00e1cil y seguro.<\/h3>\n<\/div><\/section><\/div><\/div><\/div><\/div><!-- close content main div --><\/div><\/div><div id='av_section_3'  class='avia-section av-av_section-46ce1733c35ae24b9d75b0cc88a8631c main_color avia-section-default avia-no-border-styling  avia-builder-el-8  el_after_av_section  avia-builder-el-last  avia-bg-style-scroll container_wrap fullsize'  ><div class='container av-section-cont-open' ><div class='template-page content  av-content-full alpha units'><div class='post-entry post-entry-type-page post-entry-122'><div class='entry-content-wrapper clearfix'>\n\n<style type=\"text\/css\" data-created_by=\"avia_inline_auto\" id=\"style-css-av-av_hr-8ab698efa33c912268e950ac6a7ccaf6\">\n#top .hr.hr-invisible.av-av_hr-8ab698efa33c912268e950ac6a7ccaf6{\nheight:50px;\n}\n<\/style>\n<div  class='hr av-av_hr-8ab698efa33c912268e950ac6a7ccaf6 hr-invisible  avia-builder-el-9  el_before_av_one_third  avia-builder-el-first  av-mini-hide'><span class='hr-inner '><span class=\"hr-inner-style\"><\/span><\/span><\/div>\n\n<style type=\"text\/css\" data-created_by=\"avia_inline_auto\" id=\"style-css-av-av_one_third-53b0b300fb3685750664fb085c5ad19d\">\n.flex_column.av-av_one_third-53b0b300fb3685750664fb085c5ad19d{\nborder-radius:0px 0px 0px 0px;\npadding:0px 0px 0px 0px;\n}\n<\/style>\n<div  class='flex_column av-av_one_third-53b0b300fb3685750664fb085c5ad19d av_one_third  avia-builder-el-10  el_after_av_hr  el_before_av_one_third  first flex_column_div av-zero-column-padding  '     ><\/div>\n<style type=\"text\/css\" data-created_by=\"avia_inline_auto\" id=\"style-css-av-av_one_third-7984035d50f0055e2d8c0f71fa3ebd04\">\n.flex_column.av-av_one_third-7984035d50f0055e2d8c0f71fa3ebd04{\nborder-radius:0px 0px 0px 0px;\npadding:0px 0px 0px 0px;\n}\n<\/style>\n<div  class='flex_column av-av_one_third-7984035d50f0055e2d8c0f71fa3ebd04 av_one_third  avia-builder-el-11  el_after_av_one_third  el_before_av_one_third  flex_column_div av-zero-column-padding  '     ><form action=\"https:\/\/belmotor.es\/?page_id=122\" method=\"post\" data-fields-with-error=\"Found errors in the following field(s):\" class=\"avia_ajax_form av-form-labels-hidden   avia-builder-el-12  avia-builder-el-no-sibling  av-custom-form-color av-dark-form \" data-avia-form-id=\"1\" data-avia-redirect='' ><h3 class=''>Cont\u00e1ctanos<\/h3><fieldset><p class='  first_form  form_element form_fullwidth' id='element_avia_1_1'><label for=\"avia_1_1\">Nombre <abbr class=\"required\" title=\"requerido\">*<\/abbr><\/label> <input name=\"avia_1_1\" class=\"text_input is_empty\" type=\"text\" id=\"avia_1_1\" value=\"\"  placeholder='Nombre*'\/><\/p><p class='  first_form  form_element form_fullwidth' id='element_avia_2_1'><label for=\"avia_2_1\">Correo electr\u00f3nico <abbr class=\"required\" title=\"requerido\">*<\/abbr><\/label> <input name=\"avia_2_1\" class=\"text_input is_email\" type=\"text\" id=\"avia_2_1\" value=\"\"  placeholder='Correo electr\u00f3nico*'\/><\/p><p class='  first_form  form_element form_fullwidth' id='element_avia_3_1'><label for=\"avia_3_1\">Veh\u00edculo  <abbr class=\"required\" title=\"requerido\">*<\/abbr><\/label> <input name=\"avia_3_1\" class=\"text_input is_empty\" type=\"text\" id=\"avia_3_1\" value=\"\"  placeholder='Veh\u00edculo *'\/><\/p><p class='  first_form  form_element form_fullwidth' id='element_avia_4_1'><label for=\"avia_4_1\" class=\"textare_label hidden textare_label_avia_4_1\">Detalles <abbr class=\"required\" title=\"requerido\">*<\/abbr><\/label><textarea  placeholder='Detalles*' name=\"avia_4_1\" class=\"text_area is_empty\" cols=\"40\" rows=\"7\" id=\"avia_4_1\" ><\/textarea><\/p><p class=\"hidden\"><input type=\"text\" name=\"avia_5_1\" class=\"hidden \" id=\"avia_5_1\" value=\"\" \/><\/p><p class='   form_element form_fullwidth av-last-visible-form-element' id='element_avia_6_1'><span class='value_verifier_label'>6 + 2 = ?<\/span><input name=\"avia_6_1_verifier\" type=\"hidden\" id=\"avia_6_1_verifier\" value=\"747745448\"\/><label for=\"avia_6_1\">Para mayor seguridad, responde la siguiente pregunta <abbr class=\"required\" title=\"requerido\">*<\/abbr><\/label><input name=\"avia_6_1\" class=\"text_input captcha\" type=\"text\" id=\"avia_6_1\" value=\"\"\/><\/p><p class=' av_form_privacy_check av_contact_privacy_check first_form  form_element form_fullwidth' id='element_avia_7_1'><input  name=\"avia_7_1\" class=\"input_checkbox is_empty\" type=\"checkbox\" id=\"avia_7_1\" value=\"true\"\/><label class=\"input_checkbox_label\" for=\"avia_7_1\">Informaci\u00f3n b\u00e1sica sobre el tratamiento de datos (LO 3\/2018 y Reglamento (UE) 2016\/679 ]RGPD])\n\nResponsable del tratamiento: BELMOTORS SERVICE SL\n\nFinalidad: Ofrecer y gestionar nuestros servicios y productos a clientes finales.\n\nDerechos: Puede ejercer los derechos previstos en los art\u00edculos 15 a 22 del RGPD, que se recogen en nuestra pol\u00edtica de privacidad. <abbr class=\"required\" title=\"requerido\">*<\/abbr><\/label><\/p><p class=\"form_element \"><input type=\"hidden\" value=\"1\" name=\"avia_generated_form1\" \/><input type=\"submit\" value=\"Enviar\" class=\"button\"  data-sending-label=\"Enviando\"\/><\/p><\/fieldset><\/form><div id=\"ajaxresponse_1\" class=\"ajaxresponse ajaxresponse_1 hidden\"><\/div><\/div>\n<style type=\"text\/css\" data-created_by=\"avia_inline_auto\" id=\"style-css-av-av_one_third-7984035d50f0055e2d8c0f71fa3ebd04\">\n.flex_column.av-av_one_third-7984035d50f0055e2d8c0f71fa3ebd04{\nborder-radius:0px 0px 0px 0px;\npadding:0px 0px 0px 0px;\n}\n<\/style>\n<div  class='flex_column av-av_one_third-7984035d50f0055e2d8c0f71fa3ebd04 av_one_third  avia-builder-el-13  el_after_av_one_third  avia-builder-el-last  flex_column_div av-zero-column-padding  '     ><\/div><\/p>\n","protected":false},"excerpt":{"rendered":"","protected":false},"author":2,"featured_media":0,"parent":0,"menu_order":0,"comment_status":"closed","ping_status":"closed","template":"","meta":{"footnotes":""},"class_list":["post-122","page","type-page","status-publish","hentry"],"yoast_head":"<!-- This site is optimized with the Yoast SEO plugin v27.4 - https:\/\/yoast.com\/product\/yoast-seo-wordpress\/ -->\n<title>IMPORTACI\u00d3N A LA CARTA - Belmotor<\/title>\n<meta name=\"description\" content=\"IMPORTACI\u00d3N A LA CARTA - \u00bfQuieres un veh\u00edculo importado? preguntanos a nosotros por los modelos que te interesen y te haremos un presupuesto.\" \/>\n<meta name=\"robots\" content=\"index, follow, max-snippet:-1, max-image-preview:large, max-video-preview:-1\" \/>\n<link rel=\"canonical\" href=\"https:\/\/belmotor.es\/?page_id=122\" \/>\n<meta property=\"og:locale\" content=\"es_ES\" \/>\n<meta property=\"og:type\" content=\"article\" \/>\n<meta property=\"og:title\" content=\"IMPORTACI\u00d3N A LA CARTA - Belmotor\" \/>\n<meta property=\"og:description\" content=\"IMPORTACI\u00d3N A LA CARTA - \u00bfQuieres un veh\u00edculo importado? preguntanos a nosotros por los modelos que te interesen y te haremos un presupuesto.\" \/>\n<meta property=\"og:url\" content=\"https:\/\/belmotor.es\/?page_id=122\" \/>\n<meta property=\"og:site_name\" content=\"Belmotor\" \/>\n<meta property=\"article:modified_time\" content=\"2023-04-25T18:23:48+00:00\" \/>\n<meta name=\"twitter:card\" content=\"summary_large_image\" \/>\n<meta name=\"twitter:label1\" content=\"Tiempo de lectura\" \/>\n\t<meta name=\"twitter:data1\" content=\"3 minutos\" \/>\n<script type=\"application\/ld+json\" class=\"yoast-schema-graph\">{\"@context\":\"https:\\\/\\\/schema.org\",\"@graph\":[{\"@type\":\"WebPage\",\"@id\":\"https:\\\/\\\/belmotor.es\\\/?page_id=122\",\"url\":\"https:\\\/\\\/belmotor.es\\\/?page_id=122\",\"name\":\"IMPORTACI\u00d3N A LA CARTA - Belmotor\",\"isPartOf\":{\"@id\":\"https:\\\/\\\/belmotor.es\\\/#website\"},\"datePublished\":\"2023-04-25T18:23:47+00:00\",\"dateModified\":\"2023-04-25T18:23:48+00:00\",\"description\":\"IMPORTACI\u00d3N A LA CARTA - \u00bfQuieres un veh\u00edculo importado? preguntanos a nosotros por los modelos que te interesen y te haremos un presupuesto.\",\"breadcrumb\":{\"@id\":\"https:\\\/\\\/belmotor.es\\\/?page_id=122#breadcrumb\"},\"inLanguage\":\"es\",\"potentialAction\":[{\"@type\":\"ReadAction\",\"target\":[\"https:\\\/\\\/belmotor.es\\\/?page_id=122\"]}]},{\"@type\":\"BreadcrumbList\",\"@id\":\"https:\\\/\\\/belmotor.es\\\/?page_id=122#breadcrumb\",\"itemListElement\":[{\"@type\":\"ListItem\",\"position\":1,\"name\":\"Portada\",\"item\":\"https:\\\/\\\/belmotor.es\\\/?page_id=14\"},{\"@type\":\"ListItem\",\"position\":2,\"name\":\"IMPORTACI\u00d3N A LA CARTA\"}]},{\"@type\":\"WebSite\",\"@id\":\"https:\\\/\\\/belmotor.es\\\/#website\",\"url\":\"https:\\\/\\\/belmotor.es\\\/\",\"name\":\"Belmotor\",\"description\":\"\",\"potentialAction\":[{\"@type\":\"SearchAction\",\"target\":{\"@type\":\"EntryPoint\",\"urlTemplate\":\"https:\\\/\\\/belmotor.es\\\/?s={search_term_string}\"},\"query-input\":{\"@type\":\"PropertyValueSpecification\",\"valueRequired\":true,\"valueName\":\"search_term_string\"}}],\"inLanguage\":\"es\"}]}<\/script>\n<!-- \/ Yoast SEO plugin. -->","yoast_head_json":{"title":"IMPORTACI\u00d3N A LA CARTA - Belmotor","description":"IMPORTACI\u00d3N A LA CARTA - \u00bfQuieres un veh\u00edculo importado? preguntanos a nosotros por los modelos que te interesen y te haremos un presupuesto.","robots":{"index":"index","follow":"follow","max-snippet":"max-snippet:-1","max-image-preview":"max-image-preview:large","max-video-preview":"max-video-preview:-1"},"canonical":"https:\/\/belmotor.es\/?page_id=122","og_locale":"es_ES","og_type":"article","og_title":"IMPORTACI\u00d3N A LA CARTA - Belmotor","og_description":"IMPORTACI\u00d3N A LA CARTA - \u00bfQuieres un veh\u00edculo importado? preguntanos a nosotros por los modelos que te interesen y te haremos un presupuesto.","og_url":"https:\/\/belmotor.es\/?page_id=122","og_site_name":"Belmotor","article_modified_time":"2023-04-25T18:23:48+00:00","twitter_card":"summary_large_image","twitter_misc":{"Tiempo de lectura":"3 minutos"},"schema":{"@context":"https:\/\/schema.org","@graph":[{"@type":"WebPage","@id":"https:\/\/belmotor.es\/?page_id=122","url":"https:\/\/belmotor.es\/?page_id=122","name":"IMPORTACI\u00d3N A LA CARTA - Belmotor","isPartOf":{"@id":"https:\/\/belmotor.es\/#website"},"datePublished":"2023-04-25T18:23:47+00:00","dateModified":"2023-04-25T18:23:48+00:00","description":"IMPORTACI\u00d3N A LA CARTA - \u00bfQuieres un veh\u00edculo importado? preguntanos a nosotros por los modelos que te interesen y te haremos un presupuesto.","breadcrumb":{"@id":"https:\/\/belmotor.es\/?page_id=122#breadcrumb"},"inLanguage":"es","potentialAction":[{"@type":"ReadAction","target":["https:\/\/belmotor.es\/?page_id=122"]}]},{"@type":"BreadcrumbList","@id":"https:\/\/belmotor.es\/?page_id=122#breadcrumb","itemListElement":[{"@type":"ListItem","position":1,"name":"Portada","item":"https:\/\/belmotor.es\/?page_id=14"},{"@type":"ListItem","position":2,"name":"IMPORTACI\u00d3N A LA CARTA"}]},{"@type":"WebSite","@id":"https:\/\/belmotor.es\/#website","url":"https:\/\/belmotor.es\/","name":"Belmotor","description":"","potentialAction":[{"@type":"SearchAction","target":{"@type":"EntryPoint","urlTemplate":"https:\/\/belmotor.es\/?s={search_term_string}"},"query-input":{"@type":"PropertyValueSpecification","valueRequired":true,"valueName":"search_term_string"}}],"inLanguage":"es"}]}},"jetpack_sharing_enabled":true,"_links":{"self":[{"href":"https:\/\/belmotor.es\/index.php?rest_route=\/wp\/v2\/pages\/122","targetHints":{"allow":["GET"]}}],"collection":[{"href":"https:\/\/belmotor.es\/index.php?rest_route=\/wp\/v2\/pages"}],"about":[{"href":"https:\/\/belmotor.es\/index.php?rest_route=\/wp\/v2\/types\/page"}],"author":[{"embeddable":true,"href":"https:\/\/belmotor.es\/index.php?rest_route=\/wp\/v2\/users\/2"}],"replies":[{"embeddable":true,"href":"https:\/\/belmotor.es\/index.php?rest_route=%2Fwp%2Fv2%2Fcomments&post=122"}],"version-history":[{"count":1,"href":"https:\/\/belmotor.es\/index.php?rest_route=\/wp\/v2\/pages\/122\/revisions"}],"predecessor-version":[{"id":123,"href":"https:\/\/belmotor.es\/index.php?rest_route=\/wp\/v2\/pages\/122\/revisions\/123"}],"wp:attachment":[{"href":"https:\/\/belmotor.es\/index.php?rest_route=%2Fwp%2Fv2%2Fmedia&parent=122"}],"curies":[{"name":"wp","href":"https:\/\/api.w.org\/{rel}","templated":true}]}}